{"id":108,"date":"2025-03-12T11:08:25","date_gmt":"2025-03-12T11:08:25","guid":{"rendered":"https:\/\/bricktense.com\/?post_type=product&#038;p=108"},"modified":"2025-11-12T08:37:07","modified_gmt":"2025-11-12T08:37:07","slug":"lego-star-wars-75347-tie-bomber","status":"publish","type":"product","link":"https:\/\/bricktense.com\/en\/produkt\/lego-star-wars-75347-tie-bomber\/","title":{"rendered":"Lego Star Wars 75347 TIE Bomber"},"content":{"rendered":"<p>Zamkni\u0119ty fabrycznie zestaw LEGO Star Wars 75347 Bombowiec TIE.<\/p>\n<p>Dzi\u0119ki bombowcowi TIE i czterem postaciom fani mog\u0105 odtwarza\u0107 epickie sceny z filmu \u201eGwiezdne Wojny: Imperium kontratakuje\u201d.<\/p>\n","protected":false},"excerpt":{"rendered":"<p>Zamkni\u0119ty fabrycznie zestaw LEGO Star Wars 75347 Bombowiec TIE. Dzi\u0119ki bombowcowi TIE i czterem postaciom fani mog\u0105 odtwarza\u0107 epickie sceny z filmu \u201eGwiezdne Wojny: Imperium kontratakuje\u201d.<\/p>\n","protected":false},"featured_media":109,"comment_status":"open","ping_status":"closed","template":"","meta":{"_acf_changed":false},"product_brand":[37],"product_cat":[129],"product_tag":[],"class_list":{"0":"post-108","1":"product","2":"type-product","3":"status-publish","4":"has-post-thumbnail","6":"product_brand-lego","7":"product_cat-star-wars-episode-4-5-6","9":"first","10":"outofstock","11":"sale","12":"taxable","13":"shipping-taxable","14":"purchasable","15":"product-type-simple"},"acf":[],"_links":{"self":[{"href":"https:\/\/bricktense.com\/en\/wp-json\/wp\/v2\/product\/108","targetHints":{"allow":["GET"]}}],"collection":[{"href":"https:\/\/bricktense.com\/en\/wp-json\/wp\/v2\/product"}],"about":[{"href":"https:\/\/bricktense.com\/en\/wp-json\/wp\/v2\/types\/product"}],"replies":[{"embeddable":true,"href":"https:\/\/bricktense.com\/en\/wp-json\/wp\/v2\/comments?post=108"}],"wp:featuredmedia":[{"embeddable":true,"href":"https:\/\/bricktense.com\/en\/wp-json\/wp\/v2\/media\/109"}],"wp:attachment":[{"href":"https:\/\/bricktense.com\/en\/wp-json\/wp\/v2\/media?parent=108"}],"wp:term":[{"taxonomy":"product_brand","embeddable":true,"href":"https:\/\/bricktense.com\/en\/wp-json\/wp\/v2\/product_brand?post=108"},{"taxonomy":"product_cat","embeddable":true,"href":"https:\/\/bricktense.com\/en\/wp-json\/wp\/v2\/product_cat?post=108"},{"taxonomy":"product_tag","embeddable":true,"href":"https:\/\/bricktense.com\/en\/wp-json\/wp\/v2\/product_tag?post=108"}],"curies":[{"name":"wp","href":"https:\/\/api.w.org\/{rel}","templated":true}]}}