{"id":114,"date":"2025-03-12T13:01:57","date_gmt":"2025-03-12T13:01:57","guid":{"rendered":"https:\/\/bricktense.com\/?post_type=product&#038;p=114"},"modified":"2025-11-12T08:36:30","modified_gmt":"2025-11-12T08:36:30","slug":"lego-star-wars-75372-clone-trooper-battle-droid-battle-pack","status":"publish","type":"product","link":"https:\/\/bricktense.com\/en\/produkt\/lego-star-wars-75372-clone-trooper-battle-droid-battle-pack\/","title":{"rendered":"LEGO Star Wars 75372 Clone Trooper &#038; Battle Droid Battle Pack"},"content":{"rendered":"<p>Nowe Lego z serii Star Wars. Zestaw pozwala na odtworzenie sceny bitewnej z serialu Gwiezdne Wojny: Wojny klon\u00f3w. Posiada a\u017c 9 figurek!<\/p>\n<p>Pe\u0142na nazwa: LEGO\u00ae Star Wars\u2122 Zestaw bitewny z \u017co\u0142nierzem armii klon\u00f3w\u2122 i droidem bojowym\u2122<br \/>\nStan: Nowe, fabrycznie zamkni\u0119te (MISB)<\/p>\n<p>W zestawie:<br \/>\n&#8211; 4 minifigurki LEGO Star Wars: klon z oddzia\u0142u uderzeniowego i 3 \u017co\u0142nierzy armii klon\u00f3w<br \/>\n&#8211; 3 superdroidy bojowe i 2 droidy bojowe<br \/>\n&#8211; \u015acigacz z 2 miotaczami<br \/>\n&#8211; Tri-droid<br \/>\n&#8211; \u015amigacz STAP<br \/>\n&#8211; Stanowisko defensywy z wyrzutni\u0105<\/p>\n","protected":false},"excerpt":{"rendered":"<p>Nowe Lego z serii Star Wars. Zestaw pozwala na odtworzenie sceny bitewnej z serialu Gwiezdne Wojny: Wojny klon\u00f3w. Posiada a\u017c 9 figurek! Pe\u0142na nazwa: LEGO\u00ae Star Wars\u2122 Zestaw bitewny z \u017co\u0142nierzem armii klon\u00f3w\u2122 i droidem bojowym\u2122 Stan: Nowe, fabrycznie zamkni\u0119te (MISB) W zestawie: &#8211; 4 minifigurki LEGO Star Wars: klon z oddzia\u0142u uderzeniowego i 3 [&hellip;]<\/p>\n","protected":false},"featured_media":115,"comment_status":"open","ping_status":"closed","template":"","meta":{"_acf_changed":false},"product_brand":[37],"product_cat":[130],"product_tag":[],"class_list":{"0":"post-114","1":"product","2":"type-product","3":"status-publish","4":"has-post-thumbnail","6":"product_brand-lego","7":"product_cat-star-wars-the-clone-wars","9":"first","10":"outofstock","11":"sale","12":"taxable","13":"shipping-taxable","14":"purchasable","15":"product-type-simple"},"acf":[],"_links":{"self":[{"href":"https:\/\/bricktense.com\/en\/wp-json\/wp\/v2\/product\/114","targetHints":{"allow":["GET"]}}],"collection":[{"href":"https:\/\/bricktense.com\/en\/wp-json\/wp\/v2\/product"}],"about":[{"href":"https:\/\/bricktense.com\/en\/wp-json\/wp\/v2\/types\/product"}],"replies":[{"embeddable":true,"href":"https:\/\/bricktense.com\/en\/wp-json\/wp\/v2\/comments?post=114"}],"wp:featuredmedia":[{"embeddable":true,"href":"https:\/\/bricktense.com\/en\/wp-json\/wp\/v2\/media\/115"}],"wp:attachment":[{"href":"https:\/\/bricktense.com\/en\/wp-json\/wp\/v2\/media?parent=114"}],"wp:term":[{"taxonomy":"product_brand","embeddable":true,"href":"https:\/\/bricktense.com\/en\/wp-json\/wp\/v2\/product_brand?post=114"},{"taxonomy":"product_cat","embeddable":true,"href":"https:\/\/bricktense.com\/en\/wp-json\/wp\/v2\/product_cat?post=114"},{"taxonomy":"product_tag","embeddable":true,"href":"https:\/\/bricktense.com\/en\/wp-json\/wp\/v2\/product_tag?post=114"}],"curies":[{"name":"wp","href":"https:\/\/api.w.org\/{rel}","templated":true}]}}