{"id":119,"date":"2025-03-12T13:05:01","date_gmt":"2025-03-12T13:05:01","guid":{"rendered":"https:\/\/bricktense.com\/?post_type=product&#038;p=119"},"modified":"2025-11-12T08:36:27","modified_gmt":"2025-11-12T08:36:27","slug":"lego-star-wars-75342-republic-fighter-tank","status":"publish","type":"product","link":"https:\/\/bricktense.com\/en\/produkt\/lego-star-wars-75342-republic-fighter-tank\/","title":{"rendered":"LEGO Star Wars 75342 Republic Fighter Tank"},"content":{"rendered":"<p>Zamkni\u0119ty fabrycznie zestaw LEGO Star Wars 75342 Czo\u0142g bojowy Republiki.<\/p>\n<p>Po raz pierwszy w historii LEGO\u00ae Star Wars\u2122 w zestawie znalaz\u0142y si\u0119 minifigurki LEGO \u017co\u0142nierzy ze 187. legionu klon\u00f3w.<\/p>\n","protected":false},"excerpt":{"rendered":"<p>Zamkni\u0119ty fabrycznie zestaw LEGO Star Wars 75342 Czo\u0142g bojowy Republiki. Po raz pierwszy w historii LEGO\u00ae Star Wars\u2122 w zestawie znalaz\u0142y si\u0119 minifigurki LEGO \u017co\u0142nierzy ze 187. legionu klon\u00f3w.<\/p>\n","protected":false},"featured_media":120,"comment_status":"open","ping_status":"closed","template":"","meta":{"_acf_changed":false},"product_brand":[37],"product_cat":[130],"product_tag":[],"class_list":{"0":"post-119","1":"product","2":"type-product","3":"status-publish","4":"has-post-thumbnail","6":"product_brand-lego","7":"product_cat-star-wars-the-clone-wars","9":"first","10":"outofstock","11":"sale","12":"taxable","13":"shipping-taxable","14":"purchasable","15":"product-type-simple"},"acf":[],"_links":{"self":[{"href":"https:\/\/bricktense.com\/en\/wp-json\/wp\/v2\/product\/119","targetHints":{"allow":["GET"]}}],"collection":[{"href":"https:\/\/bricktense.com\/en\/wp-json\/wp\/v2\/product"}],"about":[{"href":"https:\/\/bricktense.com\/en\/wp-json\/wp\/v2\/types\/product"}],"replies":[{"embeddable":true,"href":"https:\/\/bricktense.com\/en\/wp-json\/wp\/v2\/comments?post=119"}],"wp:featuredmedia":[{"embeddable":true,"href":"https:\/\/bricktense.com\/en\/wp-json\/wp\/v2\/media\/120"}],"wp:attachment":[{"href":"https:\/\/bricktense.com\/en\/wp-json\/wp\/v2\/media?parent=119"}],"wp:term":[{"taxonomy":"product_brand","embeddable":true,"href":"https:\/\/bricktense.com\/en\/wp-json\/wp\/v2\/product_brand?post=119"},{"taxonomy":"product_cat","embeddable":true,"href":"https:\/\/bricktense.com\/en\/wp-json\/wp\/v2\/product_cat?post=119"},{"taxonomy":"product_tag","embeddable":true,"href":"https:\/\/bricktense.com\/en\/wp-json\/wp\/v2\/product_tag?post=119"}],"curies":[{"name":"wp","href":"https:\/\/api.w.org\/{rel}","templated":true}]}}