{"id":124,"date":"2025-03-12T13:07:51","date_gmt":"2025-03-12T13:07:51","guid":{"rendered":"https:\/\/bricktense.com\/?post_type=product&#038;p=124"},"modified":"2025-11-12T08:36:58","modified_gmt":"2025-11-12T08:36:58","slug":"lego-star-wars-40755-imperial-dropship-vs-rebel-scout-speeder","status":"publish","type":"product","link":"https:\/\/bricktense.com\/en\/produkt\/lego-star-wars-40755-imperial-dropship-vs-rebel-scout-speeder\/","title":{"rendered":"LEGO Star Wars 40755 Imperial Dropship vs. Rebel Scout Speeder"},"content":{"rendered":"<p>Zamkni\u0119ty fabrycznie zestaw LEGO Star Wars 40755 Imperialny transportowiec kontra zwiadowczy \u015bmigacz Rebelii.<\/p>\n<p>Przekonaj si\u0119 o mocy kosmicznych pojazd\u00f3w podczas zabawy zestawem LEGO\u00ae Star Wars\u2122 Imperialny transportowiec kontra zwiadowczy \u015bmigacz Rebelii (40755).<\/p>\n","protected":false},"excerpt":{"rendered":"<p>Zamkni\u0119ty fabrycznie zestaw LEGO Star Wars 40755 Imperialny transportowiec kontra zwiadowczy \u015bmigacz Rebelii. Przekonaj si\u0119 o mocy kosmicznych pojazd\u00f3w podczas zabawy zestawem LEGO\u00ae Star Wars\u2122 Imperialny transportowiec kontra zwiadowczy \u015bmigacz Rebelii (40755).<\/p>\n","protected":false},"featured_media":125,"comment_status":"open","ping_status":"closed","template":"","meta":{"_acf_changed":false},"product_brand":[37],"product_cat":[131],"product_tag":[],"class_list":{"0":"post-124","1":"product","2":"type-product","3":"status-publish","4":"has-post-thumbnail","6":"product_brand-lego","7":"product_cat-star-wars-other","9":"first","10":"outofstock","11":"sale","12":"taxable","13":"shipping-taxable","14":"purchasable","15":"product-type-simple"},"acf":[],"_links":{"self":[{"href":"https:\/\/bricktense.com\/en\/wp-json\/wp\/v2\/product\/124","targetHints":{"allow":["GET"]}}],"collection":[{"href":"https:\/\/bricktense.com\/en\/wp-json\/wp\/v2\/product"}],"about":[{"href":"https:\/\/bricktense.com\/en\/wp-json\/wp\/v2\/types\/product"}],"replies":[{"embeddable":true,"href":"https:\/\/bricktense.com\/en\/wp-json\/wp\/v2\/comments?post=124"}],"wp:featuredmedia":[{"embeddable":true,"href":"https:\/\/bricktense.com\/en\/wp-json\/wp\/v2\/media\/125"}],"wp:attachment":[{"href":"https:\/\/bricktense.com\/en\/wp-json\/wp\/v2\/media?parent=124"}],"wp:term":[{"taxonomy":"product_brand","embeddable":true,"href":"https:\/\/bricktense.com\/en\/wp-json\/wp\/v2\/product_brand?post=124"},{"taxonomy":"product_cat","embeddable":true,"href":"https:\/\/bricktense.com\/en\/wp-json\/wp\/v2\/product_cat?post=124"},{"taxonomy":"product_tag","embeddable":true,"href":"https:\/\/bricktense.com\/en\/wp-json\/wp\/v2\/product_tag?post=124"}],"curies":[{"name":"wp","href":"https:\/\/api.w.org\/{rel}","templated":true}]}}