{"id":129,"date":"2025-03-12T13:10:21","date_gmt":"2025-03-12T13:10:21","guid":{"rendered":"https:\/\/bricktense.com\/?post_type=product&#038;p=129"},"modified":"2025-11-17T13:26:43","modified_gmt":"2025-11-17T13:26:43","slug":"lego-star-wars-75387-boarding-the-tantive-iv","status":"publish","type":"product","link":"https:\/\/bricktense.com\/en\/produkt\/lego-star-wars-75387-boarding-the-tantive-iv\/","title":{"rendered":"LEGO Star Wars 75387 Boarding the Tantive IV"},"content":{"rendered":"<p>Zamkni\u0119ty fabrycznie zestaw LEGO Star Wars 75387 Wej\u015bcie na pok\u0142ad statku kosmicznego Tantive IV.<\/p>\n<p>Ten zestaw pozwoli ci odtworzy\u0107 scen\u0119, w kt\u00f3rej Darth Vader przejmuje statek Tantive IV na pocz\u0105tku filmu Gwiezdne Wojny: Nowa nadzieja.<\/p>\n<p><strong>Stan pude\u0142ka<\/strong>: 8\/10 (zadrapania, \u015blady po cenie) &#8211; RE-STOCK<\/p>\n","protected":false},"excerpt":{"rendered":"<p>Nowy zestaw LEGO Star Wars 75387 z serii Star Wars Episode 4\/5\/6 w fabrycznie zamkni\u0119tym pude\u0142ku.<\/p>\n","protected":false},"featured_media":130,"comment_status":"open","ping_status":"closed","template":"","meta":{"_acf_changed":false},"product_brand":[37],"product_cat":[129],"product_tag":[],"class_list":{"0":"post-129","1":"product","2":"type-product","3":"status-publish","4":"has-post-thumbnail","6":"product_brand-lego","7":"product_cat-star-wars-episode-4-5-6","9":"first","10":"instock","11":"taxable","12":"shipping-taxable","13":"purchasable","14":"product-type-simple"},"acf":[],"_links":{"self":[{"href":"https:\/\/bricktense.com\/en\/wp-json\/wp\/v2\/product\/129","targetHints":{"allow":["GET"]}}],"collection":[{"href":"https:\/\/bricktense.com\/en\/wp-json\/wp\/v2\/product"}],"about":[{"href":"https:\/\/bricktense.com\/en\/wp-json\/wp\/v2\/types\/product"}],"replies":[{"embeddable":true,"href":"https:\/\/bricktense.com\/en\/wp-json\/wp\/v2\/comments?post=129"}],"wp:featuredmedia":[{"embeddable":true,"href":"https:\/\/bricktense.com\/en\/wp-json\/wp\/v2\/media\/130"}],"wp:attachment":[{"href":"https:\/\/bricktense.com\/en\/wp-json\/wp\/v2\/media?parent=129"}],"wp:term":[{"taxonomy":"product_brand","embeddable":true,"href":"https:\/\/bricktense.com\/en\/wp-json\/wp\/v2\/product_brand?post=129"},{"taxonomy":"product_cat","embeddable":true,"href":"https:\/\/bricktense.com\/en\/wp-json\/wp\/v2\/product_cat?post=129"},{"taxonomy":"product_tag","embeddable":true,"href":"https:\/\/bricktense.com\/en\/wp-json\/wp\/v2\/product_tag?post=129"}],"curies":[{"name":"wp","href":"https:\/\/api.w.org\/{rel}","templated":true}]}}