{"id":134,"date":"2025-03-12T13:15:34","date_gmt":"2025-03-12T13:15:34","guid":{"rendered":"https:\/\/bricktense.com\/?post_type=product&#038;p=134"},"modified":"2025-11-12T08:37:10","modified_gmt":"2025-11-12T08:37:10","slug":"lego-star-wars-75280-501st-legion-clone-troopers","status":"publish","type":"product","link":"https:\/\/bricktense.com\/en\/produkt\/lego-star-wars-75280-501st-legion-clone-troopers\/","title":{"rendered":"LEGO Star Wars 75280 &#8211; 501st Legion Clone Troopers"},"content":{"rendered":"<p>Zamkni\u0119ty fabrycznie zestaw LEGO Star Wars 75280 \u017bo\u0142nierze-klony z 501. legionu.<\/p>\n<p>Zainscenizuj wielkie starcie \u017co\u0142nierzy klon\u00f3w z 501. legionu\u2122 i droid\u00f3w bojowych armii separatyst\u00f3w. W wypatrywaniu droid\u00f3w z kabiny AT-RT pomo\u017ce Ci elektrolornetka. . Wy\u015blij do ataku \u015bmigacz BARC i os\u0142aniaj go ogniem z miotaczy klock\u00f3w!<\/p>\n","protected":false},"excerpt":{"rendered":"<p>Zamkni\u0119ty fabrycznie zestaw LEGO Star Wars 75280 \u017bo\u0142nierze-klony z 501. legionu. Zainscenizuj wielkie starcie \u017co\u0142nierzy klon\u00f3w z 501. legionu\u2122 i droid\u00f3w bojowych armii separatyst\u00f3w. W wypatrywaniu droid\u00f3w z kabiny AT-RT pomo\u017ce Ci elektrolornetka. . Wy\u015blij do ataku \u015bmigacz BARC i os\u0142aniaj go ogniem z miotaczy klock\u00f3w!<\/p>\n","protected":false},"featured_media":135,"comment_status":"open","ping_status":"closed","template":"","meta":{"_acf_changed":false},"product_brand":[37],"product_cat":[130],"product_tag":[],"class_list":{"0":"post-134","1":"product","2":"type-product","3":"status-publish","4":"has-post-thumbnail","6":"product_brand-lego","7":"product_cat-star-wars-the-clone-wars","9":"first","10":"outofstock","11":"sale","12":"taxable","13":"shipping-taxable","14":"purchasable","15":"product-type-simple"},"acf":[],"_links":{"self":[{"href":"https:\/\/bricktense.com\/en\/wp-json\/wp\/v2\/product\/134","targetHints":{"allow":["GET"]}}],"collection":[{"href":"https:\/\/bricktense.com\/en\/wp-json\/wp\/v2\/product"}],"about":[{"href":"https:\/\/bricktense.com\/en\/wp-json\/wp\/v2\/types\/product"}],"replies":[{"embeddable":true,"href":"https:\/\/bricktense.com\/en\/wp-json\/wp\/v2\/comments?post=134"}],"wp:featuredmedia":[{"embeddable":true,"href":"https:\/\/bricktense.com\/en\/wp-json\/wp\/v2\/media\/135"}],"wp:attachment":[{"href":"https:\/\/bricktense.com\/en\/wp-json\/wp\/v2\/media?parent=134"}],"wp:term":[{"taxonomy":"product_brand","embeddable":true,"href":"https:\/\/bricktense.com\/en\/wp-json\/wp\/v2\/product_brand?post=134"},{"taxonomy":"product_cat","embeddable":true,"href":"https:\/\/bricktense.com\/en\/wp-json\/wp\/v2\/product_cat?post=134"},{"taxonomy":"product_tag","embeddable":true,"href":"https:\/\/bricktense.com\/en\/wp-json\/wp\/v2\/product_tag?post=134"}],"curies":[{"name":"wp","href":"https:\/\/api.w.org\/{rel}","templated":true}]}}