{"id":139,"date":"2025-03-12T13:18:39","date_gmt":"2025-03-12T13:18:39","guid":{"rendered":"https:\/\/bricktense.com\/?post_type=product&#038;p=139"},"modified":"2025-11-12T08:37:08","modified_gmt":"2025-11-12T08:37:08","slug":"lego-star-wars-75334-obi-wan-kenobi-vs-darth-vader","status":"publish","type":"product","link":"https:\/\/bricktense.com\/en\/produkt\/lego-star-wars-75334-obi-wan-kenobi-vs-darth-vader\/","title":{"rendered":"LEGO Star Wars 75334 Obi-Wan Kenobi vs. Darth Vader"},"content":{"rendered":"<p>Zamkni\u0119ty fabrycznie zestaw LEGO Star Wars 75334 Obi-Wan Kenobi vs. Darth Vader.<\/p>\n<p>Z tym fascynuj\u0105cym zestawem fani mog\u0105 ponownie prze\u017cy\u0107 epicki serialowy pojedynek Obi-Wana Kenobiego\u2122 z Darthem Vaderem\u2122.<\/p>\n","protected":false},"excerpt":{"rendered":"<p>Zamkni\u0119ty fabrycznie zestaw LEGO Star Wars 75334 Obi-Wan Kenobi vs. Darth Vader. Z tym fascynuj\u0105cym zestawem fani mog\u0105 ponownie prze\u017cy\u0107 epicki serialowy pojedynek Obi-Wana Kenobiego\u2122 z Darthem Vaderem\u2122.<\/p>\n","protected":false},"featured_media":140,"comment_status":"open","ping_status":"closed","template":"","meta":{"_acf_changed":false},"product_brand":[37],"product_cat":[132],"product_tag":[],"class_list":{"0":"post-139","1":"product","2":"type-product","3":"status-publish","4":"has-post-thumbnail","6":"product_brand-lego","7":"product_cat-star-wars-obi-wan-kenobi","9":"first","10":"outofstock","11":"sale","12":"taxable","13":"shipping-taxable","14":"purchasable","15":"product-type-simple"},"acf":[],"_links":{"self":[{"href":"https:\/\/bricktense.com\/en\/wp-json\/wp\/v2\/product\/139","targetHints":{"allow":["GET"]}}],"collection":[{"href":"https:\/\/bricktense.com\/en\/wp-json\/wp\/v2\/product"}],"about":[{"href":"https:\/\/bricktense.com\/en\/wp-json\/wp\/v2\/types\/product"}],"replies":[{"embeddable":true,"href":"https:\/\/bricktense.com\/en\/wp-json\/wp\/v2\/comments?post=139"}],"wp:featuredmedia":[{"embeddable":true,"href":"https:\/\/bricktense.com\/en\/wp-json\/wp\/v2\/media\/140"}],"wp:attachment":[{"href":"https:\/\/bricktense.com\/en\/wp-json\/wp\/v2\/media?parent=139"}],"wp:term":[{"taxonomy":"product_brand","embeddable":true,"href":"https:\/\/bricktense.com\/en\/wp-json\/wp\/v2\/product_brand?post=139"},{"taxonomy":"product_cat","embeddable":true,"href":"https:\/\/bricktense.com\/en\/wp-json\/wp\/v2\/product_cat?post=139"},{"taxonomy":"product_tag","embeddable":true,"href":"https:\/\/bricktense.com\/en\/wp-json\/wp\/v2\/product_tag?post=139"}],"curies":[{"name":"wp","href":"https:\/\/api.w.org\/{rel}","templated":true}]}}