{"id":160,"date":"2025-03-12T14:57:54","date_gmt":"2025-03-12T14:57:54","guid":{"rendered":"https:\/\/bricktense.com\/?post_type=product&#038;p=160"},"modified":"2025-11-18T19:30:18","modified_gmt":"2025-11-18T19:30:18","slug":"imperial-soldier","status":"publish","type":"product","link":"https:\/\/bricktense.com\/en\/produkt\/imperial-soldier\/","title":{"rendered":"Imperial Soldier"},"content":{"rendered":"<p>Minifigurka Imperial Soldier z zestawu 6265 z roku 1995 z popularnej serii Pirates.<\/p>\n<p>Stan doskona\u0142y. Bez z\u0142ama\u0144 i \u015blad\u00f3w u\u017cytkowania.<\/p>\n<p>By\u0142a cz\u0119\u015bci\u0105 nast\u0119puj\u0105cych zestaw\u00f3w:<\/p>\n<p>1989 &#8211; <strong>Eldorado Fortress<\/strong> (6276-1)<\/p>\n<p>1989 &#8211; <strong>Forbidden Island<\/strong> (6270-1)<\/p>\n<p>1989 &#8211; <strong>Pirate Mini Figures (Sea Mates)<\/strong> (6251-1)<\/p>\n<p>1989 &#8211; <strong>Sabre Island<\/strong> (6265-1)<\/p>\n<p>1991 &#8211; <strong>Broadside&#8217;s Brig<\/strong> (6259-1)<\/p>\n<p>1991 &#8211; <strong>Lagoon Lock-Up<\/strong> (6267-1)<\/p>\n<p>1991 &#8211; <strong>Rock Island Refuge<\/strong> (6273-1)<\/p>\n","protected":false},"excerpt":{"rendered":"<p>Minifigurka Imperial Soldier z zestawu 6265 z roku 1995 z popularnej serii Pirates.<\/p>\n<p>Stan doskona\u0142y. Bez z\u0142ama\u0144 i \u015blad\u00f3w u\u017cytkowania.<\/p>\n","protected":false},"featured_media":235,"comment_status":"open","ping_status":"closed","template":"","meta":{"_acf_changed":false},"product_brand":[37],"product_cat":[139],"product_tag":[],"class_list":{"0":"post-160","1":"product","2":"type-product","3":"status-publish","4":"has-post-thumbnail","6":"product_brand-lego","7":"product_cat-imperial-soldiers-2","9":"first","10":"instock","11":"taxable","12":"shipping-taxable","13":"purchasable","14":"product-type-simple"},"acf":[],"_links":{"self":[{"href":"https:\/\/bricktense.com\/en\/wp-json\/wp\/v2\/product\/160","targetHints":{"allow":["GET"]}}],"collection":[{"href":"https:\/\/bricktense.com\/en\/wp-json\/wp\/v2\/product"}],"about":[{"href":"https:\/\/bricktense.com\/en\/wp-json\/wp\/v2\/types\/product"}],"replies":[{"embeddable":true,"href":"https:\/\/bricktense.com\/en\/wp-json\/wp\/v2\/comments?post=160"}],"wp:featuredmedia":[{"embeddable":true,"href":"https:\/\/bricktense.com\/en\/wp-json\/wp\/v2\/media\/235"}],"wp:attachment":[{"href":"https:\/\/bricktense.com\/en\/wp-json\/wp\/v2\/media?parent=160"}],"wp:term":[{"taxonomy":"product_brand","embeddable":true,"href":"https:\/\/bricktense.com\/en\/wp-json\/wp\/v2\/product_brand?post=160"},{"taxonomy":"product_cat","embeddable":true,"href":"https:\/\/bricktense.com\/en\/wp-json\/wp\/v2\/product_cat?post=160"},{"taxonomy":"product_tag","embeddable":true,"href":"https:\/\/bricktense.com\/en\/wp-json\/wp\/v2\/product_tag?post=160"}],"curies":[{"name":"wp","href":"https:\/\/api.w.org\/{rel}","templated":true}]}}