{"id":171,"date":"2025-03-12T20:07:55","date_gmt":"2025-03-12T20:07:55","guid":{"rendered":"https:\/\/bricktense.com\/?post_type=product&#038;p=171"},"modified":"2025-11-12T08:36:28","modified_gmt":"2025-11-12T08:36:28","slug":"lego-star-wars-75266-sith-troopers-battle-pack","status":"publish","type":"product","link":"https:\/\/bricktense.com\/en\/produkt\/lego-star-wars-75266-sith-troopers-battle-pack\/","title":{"rendered":"LEGO Star Wars 75266 Sith Troopers Battle Pack"},"content":{"rendered":"<p>Zamkni\u0119ty fabrycznie zestaw LEGO Star Wars 75266 Zestaw bitewny \u017co\u0142nierzy Sith\u00f3w\u2122.<\/p>\n<p>Dynamiczny zestaw \u017co\u0142nierzy Sith\u00f3w LEGO\u00ae Star Wars\u2122 (75266) nawi\u0105zuj\u0105cy do filmu \u201eGwiezdne Wojny: Skywalker. Odrodzenie\u201d pozwala zbudowa\u0107 armi\u0119 Najwy\u017cszego Porz\u0105dku i ruszy\u0107 na pole bitwy na pok\u0142adzie \u015bcigacza. Zach\u0119ca do wymy\u015blania przyg\u00f3d i wcielania si\u0119 w role: zawiera minifigurki oficera Najwy\u017cszego Porz\u0105dku, \u017co\u0142nierza Sith\u00f3w i dw\u00f3ch \u017co\u0142nierzy Sith\u00f3w z plecakami odrzutowymi oraz blasterami na klocki (mo\u017cna je zamocowa\u0107 do \u015bcigacza szturmowc\u00f3w).<\/p>\n","protected":false},"excerpt":{"rendered":"<p>Zamkni\u0119ty fabrycznie zestaw LEGO Star Wars 75266 Zestaw bitewny \u017co\u0142nierzy Sith\u00f3w\u2122. Dynamiczny zestaw \u017co\u0142nierzy Sith\u00f3w LEGO\u00ae Star Wars\u2122 (75266) nawi\u0105zuj\u0105cy do filmu \u201eGwiezdne Wojny: Skywalker. Odrodzenie\u201d pozwala zbudowa\u0107 armi\u0119 Najwy\u017cszego Porz\u0105dku i ruszy\u0107 na pole bitwy na pok\u0142adzie \u015bcigacza. Zach\u0119ca do wymy\u015blania przyg\u00f3d i wcielania si\u0119 w role: zawiera minifigurki oficera Najwy\u017cszego Porz\u0105dku, \u017co\u0142nierza Sith\u00f3w [&hellip;]<\/p>\n","protected":false},"featured_media":172,"comment_status":"open","ping_status":"closed","template":"","meta":{"_acf_changed":false},"product_brand":[37],"product_cat":[141],"product_tag":[],"class_list":{"0":"post-171","1":"product","2":"type-product","3":"status-publish","4":"has-post-thumbnail","6":"product_brand-lego","7":"product_cat-star-wars-episode-9","9":"first","10":"outofstock","11":"sale","12":"taxable","13":"shipping-taxable","14":"purchasable","15":"product-type-simple"},"acf":[],"_links":{"self":[{"href":"https:\/\/bricktense.com\/en\/wp-json\/wp\/v2\/product\/171","targetHints":{"allow":["GET"]}}],"collection":[{"href":"https:\/\/bricktense.com\/en\/wp-json\/wp\/v2\/product"}],"about":[{"href":"https:\/\/bricktense.com\/en\/wp-json\/wp\/v2\/types\/product"}],"replies":[{"embeddable":true,"href":"https:\/\/bricktense.com\/en\/wp-json\/wp\/v2\/comments?post=171"}],"wp:featuredmedia":[{"embeddable":true,"href":"https:\/\/bricktense.com\/en\/wp-json\/wp\/v2\/media\/172"}],"wp:attachment":[{"href":"https:\/\/bricktense.com\/en\/wp-json\/wp\/v2\/media?parent=171"}],"wp:term":[{"taxonomy":"product_brand","embeddable":true,"href":"https:\/\/bricktense.com\/en\/wp-json\/wp\/v2\/product_brand?post=171"},{"taxonomy":"product_cat","embeddable":true,"href":"https:\/\/bricktense.com\/en\/wp-json\/wp\/v2\/product_cat?post=171"},{"taxonomy":"product_tag","embeddable":true,"href":"https:\/\/bricktense.com\/en\/wp-json\/wp\/v2\/product_tag?post=171"}],"curies":[{"name":"wp","href":"https:\/\/api.w.org\/{rel}","templated":true}]}}