{"id":176,"date":"2025-03-12T20:11:28","date_gmt":"2025-03-12T20:11:28","guid":{"rendered":"https:\/\/bricktense.com\/?post_type=product&#038;p=176"},"modified":"2025-11-12T08:36:57","modified_gmt":"2025-11-12T08:36:57","slug":"lego-star-wars-75320-snowtrooper-battle-pack","status":"publish","type":"product","link":"https:\/\/bricktense.com\/en\/produkt\/lego-star-wars-75320-snowtrooper-battle-pack\/","title":{"rendered":"LEGO Star Wars 75320 Snowtrooper Battle Pack"},"content":{"rendered":"<p>Fabrycznie zestaw LEGO Star Wars 75320 Zestaw bitewny ze szturmowcem \u015bnie\u017cnym\u2122.<\/p>\n<p>Pozw\u00f3l m\u0142odym fanom zbudowa\u0107 w\u0142asn\u0105 armi\u0119 i odegra\u0107 sceny z filmu \u201eGwiezdne Wojny: Imperium kontratakuje\u201d dzi\u0119ki zestawowi bitewnemu ze szturmowcem \u015bnie\u017cnym (75320). W komplecie s\u0105 cztery minifigurki LEGO\u00ae z r\u00f3\u017cnymi rodzajami broni blasterowej, imperialnym \u015bcigaczem z Hoth do zbudowania, strzelaj\u0105cym klockami ci\u0119\u017ckim blasterem samopowtarzalnym E-Web oraz \u015bnie\u017cnym okopem z dodatkow\u0105 amunicj\u0105.<\/p>\n","protected":false},"excerpt":{"rendered":"<p>Fabrycznie zestaw LEGO Star Wars 75320 Zestaw bitewny ze szturmowcem \u015bnie\u017cnym\u2122. Pozw\u00f3l m\u0142odym fanom zbudowa\u0107 w\u0142asn\u0105 armi\u0119 i odegra\u0107 sceny z filmu \u201eGwiezdne Wojny: Imperium kontratakuje\u201d dzi\u0119ki zestawowi bitewnemu ze szturmowcem \u015bnie\u017cnym (75320). W komplecie s\u0105 cztery minifigurki LEGO\u00ae z r\u00f3\u017cnymi rodzajami broni blasterowej, imperialnym \u015bcigaczem z Hoth do zbudowania, strzelaj\u0105cym klockami ci\u0119\u017ckim blasterem samopowtarzalnym [&hellip;]<\/p>\n","protected":false},"featured_media":177,"comment_status":"open","ping_status":"closed","template":"","meta":{"_acf_changed":false},"product_brand":[37],"product_cat":[129],"product_tag":[],"class_list":{"0":"post-176","1":"product","2":"type-product","3":"status-publish","4":"has-post-thumbnail","6":"product_brand-lego","7":"product_cat-star-wars-episode-4-5-6","9":"first","10":"outofstock","11":"sale","12":"taxable","13":"shipping-taxable","14":"purchasable","15":"product-type-simple"},"acf":[],"_links":{"self":[{"href":"https:\/\/bricktense.com\/en\/wp-json\/wp\/v2\/product\/176","targetHints":{"allow":["GET"]}}],"collection":[{"href":"https:\/\/bricktense.com\/en\/wp-json\/wp\/v2\/product"}],"about":[{"href":"https:\/\/bricktense.com\/en\/wp-json\/wp\/v2\/types\/product"}],"replies":[{"embeddable":true,"href":"https:\/\/bricktense.com\/en\/wp-json\/wp\/v2\/comments?post=176"}],"wp:featuredmedia":[{"embeddable":true,"href":"https:\/\/bricktense.com\/en\/wp-json\/wp\/v2\/media\/177"}],"wp:attachment":[{"href":"https:\/\/bricktense.com\/en\/wp-json\/wp\/v2\/media?parent=176"}],"wp:term":[{"taxonomy":"product_brand","embeddable":true,"href":"https:\/\/bricktense.com\/en\/wp-json\/wp\/v2\/product_brand?post=176"},{"taxonomy":"product_cat","embeddable":true,"href":"https:\/\/bricktense.com\/en\/wp-json\/wp\/v2\/product_cat?post=176"},{"taxonomy":"product_tag","embeddable":true,"href":"https:\/\/bricktense.com\/en\/wp-json\/wp\/v2\/product_tag?post=176"}],"curies":[{"name":"wp","href":"https:\/\/api.w.org\/{rel}","templated":true}]}}