{"id":181,"date":"2025-03-12T20:16:49","date_gmt":"2025-03-12T20:16:49","guid":{"rendered":"https:\/\/bricktense.com\/?post_type=product&#038;p=181"},"modified":"2025-11-12T08:37:06","modified_gmt":"2025-11-12T08:37:06","slug":"lego-star-wars-75378-barc-speeder-escape","status":"publish","type":"product","link":"https:\/\/bricktense.com\/en\/produkt\/lego-star-wars-75378-barc-speeder-escape\/","title":{"rendered":"LEGO Star Wars 75378 BARC Speeder Escape"},"content":{"rendered":"<p>Zamkni\u0119ty fabrycznie zestaw LEGO Star Wars 75378 Ucieczka na \u015bmigaczu BARC.<\/p>\n<p>Prze\u017cyj ponownie scen\u0119 ucieczki na \u015bmigaczu BARC z trzeciego sezonu serialu Star Wars: The Mandalorian dzi\u0119ki temu wyj\u0105tkowemu zestawowi LEGO\u00ae Star Wars\u2122 (75378). To \u015bwietny pomys\u0142 na prezent dla dzieci, fan\u00f3w i kolekcjoner\u00f3w gad\u017cet\u00f3w z Gwiezdnych Wojen w wieku od o\u015bmiu lat. Zestaw zawiera zbudowany z klock\u00f3w \u015bmigacz z bocznym koszem, kokpitem z miejscem na minifigurk\u0119 i dwoma miotaczami klock\u00f3w.<\/p>\n","protected":false},"excerpt":{"rendered":"<p>Zamkni\u0119ty fabrycznie zestaw LEGO Star Wars 75378 Ucieczka na \u015bmigaczu BARC. Prze\u017cyj ponownie scen\u0119 ucieczki na \u015bmigaczu BARC z trzeciego sezonu serialu Star Wars: The Mandalorian dzi\u0119ki temu wyj\u0105tkowemu zestawowi LEGO\u00ae Star Wars\u2122 (75378). To \u015bwietny pomys\u0142 na prezent dla dzieci, fan\u00f3w i kolekcjoner\u00f3w gad\u017cet\u00f3w z Gwiezdnych Wojen w wieku od o\u015bmiu lat. Zestaw zawiera [&hellip;]<\/p>\n","protected":false},"featured_media":182,"comment_status":"open","ping_status":"closed","template":"","meta":{"_acf_changed":false},"product_brand":[37],"product_cat":[142],"product_tag":[],"class_list":{"0":"post-181","1":"product","2":"type-product","3":"status-publish","4":"has-post-thumbnail","6":"product_brand-lego","7":"product_cat-star-wars-the-mandalorian","9":"first","10":"outofstock","11":"sale","12":"taxable","13":"shipping-taxable","14":"purchasable","15":"product-type-simple"},"acf":[],"_links":{"self":[{"href":"https:\/\/bricktense.com\/en\/wp-json\/wp\/v2\/product\/181","targetHints":{"allow":["GET"]}}],"collection":[{"href":"https:\/\/bricktense.com\/en\/wp-json\/wp\/v2\/product"}],"about":[{"href":"https:\/\/bricktense.com\/en\/wp-json\/wp\/v2\/types\/product"}],"replies":[{"embeddable":true,"href":"https:\/\/bricktense.com\/en\/wp-json\/wp\/v2\/comments?post=181"}],"wp:featuredmedia":[{"embeddable":true,"href":"https:\/\/bricktense.com\/en\/wp-json\/wp\/v2\/media\/182"}],"wp:attachment":[{"href":"https:\/\/bricktense.com\/en\/wp-json\/wp\/v2\/media?parent=181"}],"wp:term":[{"taxonomy":"product_brand","embeddable":true,"href":"https:\/\/bricktense.com\/en\/wp-json\/wp\/v2\/product_brand?post=181"},{"taxonomy":"product_cat","embeddable":true,"href":"https:\/\/bricktense.com\/en\/wp-json\/wp\/v2\/product_cat?post=181"},{"taxonomy":"product_tag","embeddable":true,"href":"https:\/\/bricktense.com\/en\/wp-json\/wp\/v2\/product_tag?post=181"}],"curies":[{"name":"wp","href":"https:\/\/api.w.org\/{rel}","templated":true}]}}