{"id":188,"date":"2025-03-12T20:20:38","date_gmt":"2025-03-12T20:20:38","guid":{"rendered":"https:\/\/bricktense.com\/?post_type=product&#038;p=188"},"modified":"2025-11-12T08:37:01","modified_gmt":"2025-11-12T08:37:01","slug":"lego-star-wars-75368-darth-vader-mech","status":"publish","type":"product","link":"https:\/\/bricktense.com\/en\/produkt\/lego-star-wars-75368-darth-vader-mech\/","title":{"rendered":"LEGO Star Wars 75368 Darth Vader\u2122 Mech"},"content":{"rendered":"<p>Zamkni\u0119ty fabrycznie zestaw LEGO Star Wars 75368 Mech Dartha Vadera.<\/p>\n<p>W zestawie jest minifigurka LEGO\u00ae Dartha Vadera i czerwony miecz \u015bwietlny, kt\u00f3ry mo\u017cna przymocowa\u0107 do plec\u00f3w mecha.<\/p>\n","protected":false},"excerpt":{"rendered":"<p>Zamkni\u0119ty fabrycznie zestaw LEGO Star Wars 75368 Mech Dartha Vadera. W zestawie jest minifigurka LEGO\u00ae Dartha Vadera i czerwony miecz \u015bwietlny, kt\u00f3ry mo\u017cna przymocowa\u0107 do plec\u00f3w mecha.<\/p>\n","protected":false},"featured_media":189,"comment_status":"open","ping_status":"closed","template":"","meta":{"_acf_changed":false},"product_brand":[37],"product_cat":[131],"product_tag":[],"class_list":{"0":"post-188","1":"product","2":"type-product","3":"status-publish","4":"has-post-thumbnail","6":"product_brand-lego","7":"product_cat-star-wars-other","9":"first","10":"outofstock","11":"sale","12":"taxable","13":"shipping-taxable","14":"purchasable","15":"product-type-simple"},"acf":[],"_links":{"self":[{"href":"https:\/\/bricktense.com\/en\/wp-json\/wp\/v2\/product\/188","targetHints":{"allow":["GET"]}}],"collection":[{"href":"https:\/\/bricktense.com\/en\/wp-json\/wp\/v2\/product"}],"about":[{"href":"https:\/\/bricktense.com\/en\/wp-json\/wp\/v2\/types\/product"}],"replies":[{"embeddable":true,"href":"https:\/\/bricktense.com\/en\/wp-json\/wp\/v2\/comments?post=188"}],"wp:featuredmedia":[{"embeddable":true,"href":"https:\/\/bricktense.com\/en\/wp-json\/wp\/v2\/media\/189"}],"wp:attachment":[{"href":"https:\/\/bricktense.com\/en\/wp-json\/wp\/v2\/media?parent=188"}],"wp:term":[{"taxonomy":"product_brand","embeddable":true,"href":"https:\/\/bricktense.com\/en\/wp-json\/wp\/v2\/product_brand?post=188"},{"taxonomy":"product_cat","embeddable":true,"href":"https:\/\/bricktense.com\/en\/wp-json\/wp\/v2\/product_cat?post=188"},{"taxonomy":"product_tag","embeddable":true,"href":"https:\/\/bricktense.com\/en\/wp-json\/wp\/v2\/product_tag?post=188"}],"curies":[{"name":"wp","href":"https:\/\/api.w.org\/{rel}","templated":true}]}}