{"id":230,"date":"2025-11-12T07:59:18","date_gmt":"2025-11-12T07:59:18","guid":{"rendered":"https:\/\/bricktense.com\/?post_type=product&#038;p=230"},"modified":"2025-11-18T19:31:47","modified_gmt":"2025-11-18T19:31:47","slug":"crusader-axe-red-legs-with-black-hips-dark-gray-neck-protector","status":"publish","type":"product","link":"https:\/\/bricktense.com\/en\/produkt\/crusader-axe-red-legs-with-black-hips-dark-gray-neck-protector\/","title":{"rendered":"Crusader Axe &#8211; Red Legs with Black Hips, Dark Gray Neck-Protector"},"content":{"rendered":"<p>Minifigurka z serii Castle: Crusaders z lat 1984 do 1987.<\/p>\n<p>Stan doskona\u0142y. Bez z\u0142ama\u0144 i \u015blad\u00f3w u\u017cytkowania.<\/p>\n<p>By\u0142a cz\u0119\u015bci\u0105 nast\u0119puj\u0105cych zestaw\u00f3w:<\/p>\n<p>1984 &#8211; <strong>Horse Cart<\/strong> (6022-1)<\/p>\n<p>1987\u00a0&#8211; <strong>Battering Ram<\/strong> (6062-1)<\/p>\n","protected":false},"excerpt":{"rendered":"<p>Minifigurka z serii Castle: Crusaders z lat 1984 do 1987.<\/p>\n<p>Stan doskona\u0142y. Bez z\u0142ama\u0144 i \u015blad\u00f3w u\u017cytkowania.<\/p>\n","protected":false},"featured_media":231,"comment_status":"open","ping_status":"closed","template":"","meta":{"_acf_changed":false},"product_brand":[37],"product_cat":[145,146],"product_tag":[],"class_list":{"0":"post-230","1":"product","2":"type-product","3":"status-publish","4":"has-post-thumbnail","6":"product_brand-lego","7":"product_cat-castle","8":"product_cat-crusaders","10":"first","11":"instock","12":"taxable","13":"shipping-taxable","14":"purchasable","15":"product-type-simple"},"acf":[],"_links":{"self":[{"href":"https:\/\/bricktense.com\/en\/wp-json\/wp\/v2\/product\/230","targetHints":{"allow":["GET"]}}],"collection":[{"href":"https:\/\/bricktense.com\/en\/wp-json\/wp\/v2\/product"}],"about":[{"href":"https:\/\/bricktense.com\/en\/wp-json\/wp\/v2\/types\/product"}],"replies":[{"embeddable":true,"href":"https:\/\/bricktense.com\/en\/wp-json\/wp\/v2\/comments?post=230"}],"wp:featuredmedia":[{"embeddable":true,"href":"https:\/\/bricktense.com\/en\/wp-json\/wp\/v2\/media\/231"}],"wp:attachment":[{"href":"https:\/\/bricktense.com\/en\/wp-json\/wp\/v2\/media?parent=230"}],"wp:term":[{"taxonomy":"product_brand","embeddable":true,"href":"https:\/\/bricktense.com\/en\/wp-json\/wp\/v2\/product_brand?post=230"},{"taxonomy":"product_cat","embeddable":true,"href":"https:\/\/bricktense.com\/en\/wp-json\/wp\/v2\/product_cat?post=230"},{"taxonomy":"product_tag","embeddable":true,"href":"https:\/\/bricktense.com\/en\/wp-json\/wp\/v2\/product_tag?post=230"}],"curies":[{"name":"wp","href":"https:\/\/api.w.org\/{rel}","templated":true}]}}