{"id":260,"date":"2025-11-14T13:53:22","date_gmt":"2025-11-14T13:53:22","guid":{"rendered":"https:\/\/bricktense.com\/?post_type=product&#038;p=260"},"modified":"2025-11-18T19:32:29","modified_gmt":"2025-11-18T19:32:29","slug":"pirate-blue-jacket-light-gray-legs-brown-pirate-triangle-hat","status":"publish","type":"product","link":"https:\/\/bricktense.com\/en\/produkt\/pirate-blue-jacket-light-gray-legs-brown-pirate-triangle-hat\/","title":{"rendered":"Pirate Blue Jacket, Light Gray Legs, Brown Pirate Triangle Hat"},"content":{"rendered":"<h3>Sk\u0142ad:<\/h3>\n<ol>\n<li>Brown Minifigure, Headgear Hat, Pirate Tricorne \/ Triangle (2544)<\/li>\n<li>Blue Torso Pirate Jacket Open with Yellow Trim over Shirt with Red and White Horizontal Stripes, Dark Orange Belt with Buckle Pattern \/ Blue Arms \/ Yellow Hands (973p34c01)<\/li>\n<li>Light Gray Hips and Legs Plain (970c00)<\/li>\n<li>Yellow Minifigure, Head Male Eye Patch, Stubble, Black Hair Pattern (3626px119)<\/li>\n<\/ol>\n<h3>W zestawie:<\/h3>\n<ol>\n<li>King Kahuka&#8217;s Throne &#8211; 6262-1<\/li>\n<li>Pirate Comic Adventure Set &#8211; 6255-1<\/li>\n<li>Pirates&#8217; Plunder &#8211; 6237-1<\/li>\n<li>Renegade Runner &#8211; 6268-1<\/li>\n<li>Renegade&#8217;s Raft &#8211; 6234-1<\/li>\n<li>Rock Island Refuge &#8211; 6273-1<\/li>\n<li>Smuggler&#8217;s Shanty &#8211; 6258-1<\/li>\n<\/ol>\n","protected":false},"excerpt":{"rendered":"<div class=\"wp-block-post-excerpt\">\n<p class=\"wp-block-post-excerpt__excerpt\">Minifigurka pirata z serii niebieskich koszul z szarymi spodniami i br\u0105zow\u0105, tr\u00f3jk\u0105tn\u0105 czapk\u0105 (trikorn). G\u0142owa z czarn\u0105 opask\u0105 na prawym oku i czarnymi w\u0142osami.<\/p>\n<\/div>\n","protected":false},"featured_media":263,"comment_status":"open","ping_status":"closed","template":"","meta":{"_acf_changed":false},"product_brand":[37],"product_cat":[138],"product_tag":[],"class_list":{"0":"post-260","1":"product","2":"type-product","3":"status-publish","4":"has-post-thumbnail","6":"product_brand-lego","7":"product_cat-pirates-i-2","9":"first","10":"instock","11":"taxable","12":"shipping-taxable","13":"purchasable","14":"product-type-simple"},"acf":[],"_links":{"self":[{"href":"https:\/\/bricktense.com\/en\/wp-json\/wp\/v2\/product\/260","targetHints":{"allow":["GET"]}}],"collection":[{"href":"https:\/\/bricktense.com\/en\/wp-json\/wp\/v2\/product"}],"about":[{"href":"https:\/\/bricktense.com\/en\/wp-json\/wp\/v2\/types\/product"}],"replies":[{"embeddable":true,"href":"https:\/\/bricktense.com\/en\/wp-json\/wp\/v2\/comments?post=260"}],"wp:featuredmedia":[{"embeddable":true,"href":"https:\/\/bricktense.com\/en\/wp-json\/wp\/v2\/media\/263"}],"wp:attachment":[{"href":"https:\/\/bricktense.com\/en\/wp-json\/wp\/v2\/media?parent=260"}],"wp:term":[{"taxonomy":"product_brand","embeddable":true,"href":"https:\/\/bricktense.com\/en\/wp-json\/wp\/v2\/product_brand?post=260"},{"taxonomy":"product_cat","embeddable":true,"href":"https:\/\/bricktense.com\/en\/wp-json\/wp\/v2\/product_cat?post=260"},{"taxonomy":"product_tag","embeddable":true,"href":"https:\/\/bricktense.com\/en\/wp-json\/wp\/v2\/product_tag?post=260"}],"curies":[{"name":"wp","href":"https:\/\/api.w.org\/{rel}","templated":true}]}}