{"id":266,"date":"2025-11-14T14:21:09","date_gmt":"2025-11-14T14:21:09","guid":{"rendered":"https:\/\/bricktense.com\/?post_type=product&#038;p=266"},"modified":"2026-02-08T16:57:56","modified_gmt":"2026-02-08T16:57:56","slug":"pirate-blue-jacket-white-legs-brown-pirate-triangle-hat","status":"publish","type":"product","link":"https:\/\/bricktense.com\/en\/produkt\/pirate-blue-jacket-white-legs-brown-pirate-triangle-hat\/","title":{"rendered":"Pirate Blue Jacket, White Legs, Brown Pirate Triangle Hat"},"content":{"rendered":"<h3>Sk\u0142ad:<\/h3>\n<ol>\n<li>Brown Minifigure, Headgear Hat, Pirate Tricorne \/ Triangle (2544)<\/li>\n<li>Blue Torso Pirate Jacket Open with Yellow Trim over Shirt with Red and White Horizontal Stripes, Dark Orange Belt with Buckle Pattern \/ Blue Arms \/ Yellow Hands (973p34c01)<\/li>\n<li>White Hips and Legs Plain (970c00)<\/li>\n<li>Yellow Minifigure, Head Male Eye Patch, Stubble, Black Hair Pattern (3626px119)<\/li>\n<\/ol>\n<h3>W zestawie:<\/h3>\n<ol>\n<li>Black Seas Barracuda (Dark Shark) &#8211; 6285-1<\/li>\n<li>Black Seas Barracuda {Reissue} &#8211; 10040-1<\/li>\n<li>Castaway&#8217;s Raft &#8211; 6257-1<\/li>\n<li>Forbidden Island &#8211; 6270-1<\/li>\n<li>Shipwreck Island &#8211; 6260-1<\/li>\n<\/ol>\n","protected":false},"excerpt":{"rendered":"<p>Minifigurka pirata z serii niebieskich koszul z bia\u0142ymi spodniami i czarn\u0105, tr\u00f3jk\u0105tn\u0105 czapk\u0105 (trikorn). G\u0142owa z czarn\u0105 opask\u0105 na prawym oku i czarnymi w\u0142osami.<\/p>\n","protected":false},"featured_media":269,"comment_status":"open","ping_status":"closed","template":"","meta":{"_acf_changed":false},"product_brand":[37],"product_cat":[138],"product_tag":[],"class_list":{"0":"post-266","1":"product","2":"type-product","3":"status-publish","4":"has-post-thumbnail","6":"product_brand-lego","7":"product_cat-pirates-i-2","9":"first","10":"instock","11":"taxable","12":"shipping-taxable","13":"purchasable","14":"product-type-simple"},"acf":[],"_links":{"self":[{"href":"https:\/\/bricktense.com\/en\/wp-json\/wp\/v2\/product\/266","targetHints":{"allow":["GET"]}}],"collection":[{"href":"https:\/\/bricktense.com\/en\/wp-json\/wp\/v2\/product"}],"about":[{"href":"https:\/\/bricktense.com\/en\/wp-json\/wp\/v2\/types\/product"}],"replies":[{"embeddable":true,"href":"https:\/\/bricktense.com\/en\/wp-json\/wp\/v2\/comments?post=266"}],"wp:featuredmedia":[{"embeddable":true,"href":"https:\/\/bricktense.com\/en\/wp-json\/wp\/v2\/media\/269"}],"wp:attachment":[{"href":"https:\/\/bricktense.com\/en\/wp-json\/wp\/v2\/media?parent=266"}],"wp:term":[{"taxonomy":"product_brand","embeddable":true,"href":"https:\/\/bricktense.com\/en\/wp-json\/wp\/v2\/product_brand?post=266"},{"taxonomy":"product_cat","embeddable":true,"href":"https:\/\/bricktense.com\/en\/wp-json\/wp\/v2\/product_cat?post=266"},{"taxonomy":"product_tag","embeddable":true,"href":"https:\/\/bricktense.com\/en\/wp-json\/wp\/v2\/product_tag?post=266"}],"curies":[{"name":"wp","href":"https:\/\/api.w.org\/{rel}","templated":true}]}}