{"id":272,"date":"2025-11-17T07:58:16","date_gmt":"2025-11-17T07:58:16","guid":{"rendered":"https:\/\/bricktense.com\/?post_type=product&#038;p=272"},"modified":"2025-11-18T19:33:03","modified_gmt":"2025-11-18T19:33:03","slug":"pirate-blue-white-stripes-shirt-blue-legs-red-bandana-belt-with-gold-buckle","status":"publish","type":"product","link":"https:\/\/bricktense.com\/en\/produkt\/pirate-blue-white-stripes-shirt-blue-legs-red-bandana-belt-with-gold-buckle\/","title":{"rendered":"Pirate Blue \/ White Stripes Shirt, Blue Legs, Red Bandana, Belt with Gold Buckle"},"content":{"rendered":"<h3>Sk\u0142ad:<\/h3>\n<ol>\n<li>Blue Hips and Legs Plain(970c00)<\/li>\n<li>Red Minifigure, Headgear Hat, Cloth Wrap \/ Bandana with Single Tail in Back (x70)<\/li>\n<li>Yellow Minifigure, Head Moustache, Stubble and Messy Hair Black Pattern (3626px13)<\/li>\n<li>Yellow Torso Pirate Tank Top with Blue and White Horizontal Stripes, Dark Orange Belt with Gold Buckle Pattern \/ Yellow Arms \/ Yellow Hands (973p32c01)<\/li>\n<\/ol>\n<h3>W zestawie:<\/h3>\n<ol>\n<li>Black Seas Barracuda (Dark Shark) (6285-1)<\/li>\n<li>Shipwreck Island (6260-1)<\/li>\n<li>Skull&#8217;s Eye Schooner (6286-1)<\/li>\n<\/ol>\n","protected":false},"excerpt":{"rendered":"<p>Minifigurka pirata z serii \u017c\u00f3\u0142tych z niebieskimi spodniami, koszulk\u0105 w bia\u0142o-niebieskie pasy i czerwon\u0105 chust\u0105 (bandana). G\u0142owa z w\u0105sami i czarnymi, rozwianymi w\u0142osami.<\/p>\n","protected":false},"featured_media":275,"comment_status":"open","ping_status":"closed","template":"","meta":{"_acf_changed":false},"product_brand":[37],"product_cat":[138],"product_tag":[],"class_list":{"0":"post-272","1":"product","2":"type-product","3":"status-publish","4":"has-post-thumbnail","6":"product_brand-lego","7":"product_cat-pirates-i-2","9":"first","10":"instock","11":"taxable","12":"shipping-taxable","13":"purchasable","14":"product-type-simple"},"acf":[],"_links":{"self":[{"href":"https:\/\/bricktense.com\/en\/wp-json\/wp\/v2\/product\/272","targetHints":{"allow":["GET"]}}],"collection":[{"href":"https:\/\/bricktense.com\/en\/wp-json\/wp\/v2\/product"}],"about":[{"href":"https:\/\/bricktense.com\/en\/wp-json\/wp\/v2\/types\/product"}],"replies":[{"embeddable":true,"href":"https:\/\/bricktense.com\/en\/wp-json\/wp\/v2\/comments?post=272"}],"wp:featuredmedia":[{"embeddable":true,"href":"https:\/\/bricktense.com\/en\/wp-json\/wp\/v2\/media\/275"}],"wp:attachment":[{"href":"https:\/\/bricktense.com\/en\/wp-json\/wp\/v2\/media?parent=272"}],"wp:term":[{"taxonomy":"product_brand","embeddable":true,"href":"https:\/\/bricktense.com\/en\/wp-json\/wp\/v2\/product_brand?post=272"},{"taxonomy":"product_cat","embeddable":true,"href":"https:\/\/bricktense.com\/en\/wp-json\/wp\/v2\/product_cat?post=272"},{"taxonomy":"product_tag","embeddable":true,"href":"https:\/\/bricktense.com\/en\/wp-json\/wp\/v2\/product_tag?post=272"}],"curies":[{"name":"wp","href":"https:\/\/api.w.org\/{rel}","templated":true}]}}