{"id":292,"date":"2025-11-17T09:23:24","date_gmt":"2025-11-17T09:23:24","guid":{"rendered":"https:\/\/bricktense.com\/?post_type=product&#038;p=292"},"modified":"2025-11-18T19:33:51","modified_gmt":"2025-11-18T19:33:51","slug":"pirate-red-white-stripes-shirt-white-legs-blue-bandana","status":"publish","type":"product","link":"https:\/\/bricktense.com\/en\/produkt\/pirate-red-white-stripes-shirt-white-legs-blue-bandana\/","title":{"rendered":"Pirate Red \/ White Stripes Shirt, White Legs, Blue Bandana"},"content":{"rendered":"<h3>Sk\u0142ad:<\/h3>\n<ol>\n<li>White Hips and Legs Plain (970c00)<\/li>\n<li>Blue Minifigure, Headgear Hat, Cloth Wrap \/ Bandana with Single Tail in Back (x70)<\/li>\n<li>Yellow Minifigure, Head Moustache, Stubble and Messy Hair Black Pattern (3626px13)<\/li>\n<li>Yellow Torso Pirate Tank Top with Red and White Horizontal Stripes, Dark Orange Belt with Gold Buckle Pattern \/ Yellow Arms \/ Yellow Hands (973p31c01)<\/li>\n<\/ol>\n<h3>W zestawie:<\/h3>\n<ol>\n<li>Black Seas Barracuda (Dark Shark) (6285-1)<\/li>\n<li>Black Seas Barracuda {Reissue} (10040-1)<\/li>\n<li>Imperial Flagship (6271-1)<\/li>\n<\/ol>\n","protected":false},"excerpt":{"rendered":"<p>Minifigurka pirata z serii \u017c\u00f3\u0142tych z bia\u0142ymi spodniami, koszulk\u0105 w bia\u0142o-czerwone pasy i niebiesk\u0105 chust\u0105 (bandana). G\u0142owa z w\u0105sami i czarnymi, rozwianymi w\u0142osami.<\/p>\n","protected":false},"featured_media":295,"comment_status":"open","ping_status":"closed","template":"","meta":{"_acf_changed":false},"product_brand":[37],"product_cat":[138],"product_tag":[],"class_list":{"0":"post-292","1":"product","2":"type-product","3":"status-publish","4":"has-post-thumbnail","6":"product_brand-lego","7":"product_cat-pirates-i-2","9":"first","10":"instock","11":"taxable","12":"shipping-taxable","13":"purchasable","14":"product-type-simple"},"acf":[],"_links":{"self":[{"href":"https:\/\/bricktense.com\/en\/wp-json\/wp\/v2\/product\/292","targetHints":{"allow":["GET"]}}],"collection":[{"href":"https:\/\/bricktense.com\/en\/wp-json\/wp\/v2\/product"}],"about":[{"href":"https:\/\/bricktense.com\/en\/wp-json\/wp\/v2\/types\/product"}],"replies":[{"embeddable":true,"href":"https:\/\/bricktense.com\/en\/wp-json\/wp\/v2\/comments?post=292"}],"wp:featuredmedia":[{"embeddable":true,"href":"https:\/\/bricktense.com\/en\/wp-json\/wp\/v2\/media\/295"}],"wp:attachment":[{"href":"https:\/\/bricktense.com\/en\/wp-json\/wp\/v2\/media?parent=292"}],"wp:term":[{"taxonomy":"product_brand","embeddable":true,"href":"https:\/\/bricktense.com\/en\/wp-json\/wp\/v2\/product_brand?post=292"},{"taxonomy":"product_cat","embeddable":true,"href":"https:\/\/bricktense.com\/en\/wp-json\/wp\/v2\/product_cat?post=292"},{"taxonomy":"product_tag","embeddable":true,"href":"https:\/\/bricktense.com\/en\/wp-json\/wp\/v2\/product_tag?post=292"}],"curies":[{"name":"wp","href":"https:\/\/api.w.org\/{rel}","templated":true}]}}