{"id":307,"date":"2025-11-17T09:33:56","date_gmt":"2025-11-17T09:33:56","guid":{"rendered":"https:\/\/bricktense.com\/?post_type=product&#038;p=307"},"modified":"2025-11-18T19:34:41","modified_gmt":"2025-11-18T19:34:41","slug":"pirate-red-white-stripes-shirt-red-legs-red-bandana","status":"publish","type":"product","link":"https:\/\/bricktense.com\/en\/produkt\/pirate-red-white-stripes-shirt-red-legs-red-bandana\/","title":{"rendered":"Pirate Red \/ White Stripes Shirt, Red Legs, Red Bandana"},"content":{"rendered":"<h3>Sk\u0142ad:<\/h3>\n<ol>\n<li>Red Hips and Legs Plain (970c00)<\/li>\n<li>Red Minifigure, Headgear Hat, Cloth Wrap \/ Bandana with Single Tail in Back (x70)<\/li>\n<li>Yellow Minifigure, Head Standard Grin Pattern (3626p01)<\/li>\n<li>Yellow Torso Pirate Tank Top with Red and White Horizontal Stripes, Dark Orange Belt with Gold Buckle Pattern \/ Yellow Arms \/ Yellow Hands (973p31c01)<\/li>\n<\/ol>\n<h3>W zestawie:<\/h3>\n<ol>\n<li>Lagoon Lock-Up (6267-1)<\/li>\n<li>Pirate Comic Adventure Set (6255-1)<\/li>\n<\/ol>\n","protected":false},"excerpt":{"rendered":"<div class=\"wp-block-post-excerpt\">\n<p class=\"wp-block-post-excerpt__excerpt\">Minifigurka pirata z serii \u017c\u00f3\u0142tych z czerwonymi spodniami, koszulk\u0105 w bia\u0142o-czerwone pasy i czerwon\u0105 chust\u0105 (bandana). G\u0142owa standardowa.<\/p>\n<\/div>\n","protected":false},"featured_media":310,"comment_status":"open","ping_status":"closed","template":"","meta":{"_acf_changed":false},"product_brand":[37],"product_cat":[138],"product_tag":[],"class_list":{"0":"post-307","1":"product","2":"type-product","3":"status-publish","4":"has-post-thumbnail","6":"product_brand-lego","7":"product_cat-pirates-i-2","9":"first","10":"instock","11":"taxable","12":"shipping-taxable","13":"purchasable","14":"product-type-simple"},"acf":[],"_links":{"self":[{"href":"https:\/\/bricktense.com\/en\/wp-json\/wp\/v2\/product\/307","targetHints":{"allow":["GET"]}}],"collection":[{"href":"https:\/\/bricktense.com\/en\/wp-json\/wp\/v2\/product"}],"about":[{"href":"https:\/\/bricktense.com\/en\/wp-json\/wp\/v2\/types\/product"}],"replies":[{"embeddable":true,"href":"https:\/\/bricktense.com\/en\/wp-json\/wp\/v2\/comments?post=307"}],"wp:featuredmedia":[{"embeddable":true,"href":"https:\/\/bricktense.com\/en\/wp-json\/wp\/v2\/media\/310"}],"wp:attachment":[{"href":"https:\/\/bricktense.com\/en\/wp-json\/wp\/v2\/media?parent=307"}],"wp:term":[{"taxonomy":"product_brand","embeddable":true,"href":"https:\/\/bricktense.com\/en\/wp-json\/wp\/v2\/product_brand?post=307"},{"taxonomy":"product_cat","embeddable":true,"href":"https:\/\/bricktense.com\/en\/wp-json\/wp\/v2\/product_cat?post=307"},{"taxonomy":"product_tag","embeddable":true,"href":"https:\/\/bricktense.com\/en\/wp-json\/wp\/v2\/product_tag?post=307"}],"curies":[{"name":"wp","href":"https:\/\/api.w.org\/{rel}","templated":true}]}}