{"id":312,"date":"2025-11-17T09:42:25","date_gmt":"2025-11-17T09:42:25","guid":{"rendered":"https:\/\/bricktense.com\/?post_type=product&#038;p=312"},"modified":"2026-02-08T16:57:01","modified_gmt":"2026-02-08T16:57:01","slug":"captain-red-beard-captain-roger-brown-epaulettes-pirate-hat-with-skull-and-crossbones","status":"publish","type":"product","link":"https:\/\/bricktense.com\/en\/produkt\/captain-red-beard-captain-roger-brown-epaulettes-pirate-hat-with-skull-and-crossbones\/","title":{"rendered":"Captain Red Beard (Captain Roger) &#8211; Brown Epaulettes, Pirate Hat with Skull and Crossbones"},"content":{"rendered":"<h3>Sk\u0142ad:<\/h3>\n<ol>\n<li>Black Hips and 1 Black Left Leg, 1 Brown Pirate Peg Leg (970d01)<\/li>\n<li>Black Minifigure, Headgear Hat, Pirate Bicorne with White Skull and Crossbones, Round Cranium and Neutral Eye Sockets Pattern (2528pb01)<\/li>\n<li>Black Torso Pirate Captain Jacket Open with Yellow Trim over Green Shirt with Neck Ruffle, Brown Strap, Belt with Buckle Pattern \/ Black Arms \/ Light Gray Hook Left \/ Yellow Hand Right (973p36c01)<\/li>\n<li>Brown Minifigure Epaulettes (2526)<\/li>\n<li>Yellow Minifigure, Head Standard Grin with Red Messy Hair, Moustache, and Vertical Lines Beard, Black Eye Patch Pattern (3626px80)<\/li>\n<\/ol>\n<h3>W zestawie:<\/h3>\n<ol>\n<li>Black Seas Barracuda (Dark Shark) (6285-1)<\/li>\n<li>Black Seas Barracuda {Reissue} (10040-1)<\/li>\n<li>Buccaneers (6204-1)<\/li>\n<li>Cross Bone Clipper (6250-1)<\/li>\n<li>Eldorado Fortress (6276-1)<\/li>\n<li>Forbidden Island (6270-1)<\/li>\n<li>Lagoon Lock-Up (6267-1)<\/li>\n<li>Pirate Battle Ship {Red Beard Runner Reissue} (6290-1)<\/li>\n<li>Pirate Mini Figures (Sea Mates) (6251-1)<\/li>\n<li>Red Beard Runner (6289-1)<\/li>\n<li>Rock Island Refuge (6273-1)<\/li>\n<li>Sea Mates (6252-1)<\/li>\n<li>Skull Island (6279-1)<\/li>\n<li>Skull&#8217;s Eye Schooner (6286-1)<\/li>\n<\/ol>\n","protected":false},"excerpt":{"rendered":"<p>Minifigurka kapitana Czerwona Broda (Kapitan Roger) z br\u0105zowymi naramiennikami, czapk\u0105 pirack\u0105, hakiem i drewnian\u0105 nog\u0105.<\/p>\n","protected":false},"featured_media":315,"comment_status":"open","ping_status":"closed","template":"","meta":{"_acf_changed":false},"product_brand":[37],"product_cat":[138],"product_tag":[],"class_list":{"0":"post-312","1":"product","2":"type-product","3":"status-publish","4":"has-post-thumbnail","6":"product_brand-lego","7":"product_cat-pirates-i-2","9":"first","10":"instock","11":"taxable","12":"shipping-taxable","13":"purchasable","14":"product-type-simple"},"acf":[],"_links":{"self":[{"href":"https:\/\/bricktense.com\/en\/wp-json\/wp\/v2\/product\/312","targetHints":{"allow":["GET"]}}],"collection":[{"href":"https:\/\/bricktense.com\/en\/wp-json\/wp\/v2\/product"}],"about":[{"href":"https:\/\/bricktense.com\/en\/wp-json\/wp\/v2\/types\/product"}],"replies":[{"embeddable":true,"href":"https:\/\/bricktense.com\/en\/wp-json\/wp\/v2\/comments?post=312"}],"wp:featuredmedia":[{"embeddable":true,"href":"https:\/\/bricktense.com\/en\/wp-json\/wp\/v2\/media\/315"}],"wp:attachment":[{"href":"https:\/\/bricktense.com\/en\/wp-json\/wp\/v2\/media?parent=312"}],"wp:term":[{"taxonomy":"product_brand","embeddable":true,"href":"https:\/\/bricktense.com\/en\/wp-json\/wp\/v2\/product_brand?post=312"},{"taxonomy":"product_cat","embeddable":true,"href":"https:\/\/bricktense.com\/en\/wp-json\/wp\/v2\/product_cat?post=312"},{"taxonomy":"product_tag","embeddable":true,"href":"https:\/\/bricktense.com\/en\/wp-json\/wp\/v2\/product_tag?post=312"}],"curies":[{"name":"wp","href":"https:\/\/api.w.org\/{rel}","templated":true}]}}