{"id":317,"date":"2025-11-17T09:49:20","date_gmt":"2025-11-17T09:49:20","guid":{"rendered":"https:\/\/bricktense.com\/?post_type=product&#038;p=317"},"modified":"2025-11-18T19:35:16","modified_gmt":"2025-11-18T19:35:16","slug":"imperial-soldier-sailor","status":"publish","type":"product","link":"https:\/\/bricktense.com\/en\/produkt\/imperial-soldier-sailor\/","title":{"rendered":"Imperial Soldier &#8211; Sailor"},"content":{"rendered":"<h3>Sk\u0142ad:<\/h3>\n<ol>\n<li>Black Minifigure, Headgear Hat, Pirate Tricorne \/ Triangle (2544)<\/li>\n<li>Red Minifigure Epaulettes (2526)<\/li>\n<li>White Hips and Legs Plain (970c00)<\/li>\n<li>White Torso Imperial Soldier Blue Uniform Jacket with Black and Gold Trim over Shirt with Buttons, Crossbelts with Silver Diamond Clasp Pattern (Bluecoat) \/ Blue Arms \/ Yellow Hands (973pb0204c01)<\/li>\n<li>Yellow Minifigure, Head Standard Grin Pattern (3626p01)<\/li>\n<\/ol>\n<h3>W zestawie:<\/h3>\n<ol>\n<li>Caribbean Clipper (6274-1)<\/li>\n<\/ol>\n","protected":false},"excerpt":{"rendered":"<p>Figurka imperialnego \u017co\u0142nierza &#8211; marynarza z czarn\u0105 czapk\u0105 tr\u00f3jk\u0105tn\u0105 (trikorn) i czerwonymi naramiennikami.<\/p>\n","protected":false},"featured_media":320,"comment_status":"open","ping_status":"closed","template":"","meta":{"_acf_changed":false},"product_brand":[37],"product_cat":[139],"product_tag":[],"class_list":{"0":"post-317","1":"product","2":"type-product","3":"status-publish","4":"has-post-thumbnail","6":"product_brand-lego","7":"product_cat-imperial-soldiers-2","9":"first","10":"instock","11":"taxable","12":"shipping-taxable","13":"purchasable","14":"product-type-simple"},"acf":[],"_links":{"self":[{"href":"https:\/\/bricktense.com\/en\/wp-json\/wp\/v2\/product\/317","targetHints":{"allow":["GET"]}}],"collection":[{"href":"https:\/\/bricktense.com\/en\/wp-json\/wp\/v2\/product"}],"about":[{"href":"https:\/\/bricktense.com\/en\/wp-json\/wp\/v2\/types\/product"}],"replies":[{"embeddable":true,"href":"https:\/\/bricktense.com\/en\/wp-json\/wp\/v2\/comments?post=317"}],"wp:featuredmedia":[{"embeddable":true,"href":"https:\/\/bricktense.com\/en\/wp-json\/wp\/v2\/media\/320"}],"wp:attachment":[{"href":"https:\/\/bricktense.com\/en\/wp-json\/wp\/v2\/media?parent=317"}],"wp:term":[{"taxonomy":"product_brand","embeddable":true,"href":"https:\/\/bricktense.com\/en\/wp-json\/wp\/v2\/product_brand?post=317"},{"taxonomy":"product_cat","embeddable":true,"href":"https:\/\/bricktense.com\/en\/wp-json\/wp\/v2\/product_cat?post=317"},{"taxonomy":"product_tag","embeddable":true,"href":"https:\/\/bricktense.com\/en\/wp-json\/wp\/v2\/product_tag?post=317"}],"curies":[{"name":"wp","href":"https:\/\/api.w.org\/{rel}","templated":true}]}}