{"id":334,"date":"2025-11-18T19:49:52","date_gmt":"2025-11-18T19:49:52","guid":{"rendered":"https:\/\/bricktense.com\/?post_type=product&#038;p=334"},"modified":"2025-11-18T19:49:52","modified_gmt":"2025-11-18T19:49:52","slug":"lego-town-6341-gas-n-go-flyer","status":"publish","type":"product","link":"https:\/\/bricktense.com\/en\/produkt\/lego-town-6341-gas-n-go-flyer\/","title":{"rendered":"LEGO Town 6341 Gas N&#8217; Go Flyer"},"content":{"rendered":"<p>Zestaw jest w stanie dobrym. Brak instrukcji. Brak pude\u0142ka. Wszystkie naklejki obecne. Szyba kokpitu w stanie bardzo dobrym, bez \u015bniedzenia.<\/p>\n<p>Wszystkie minifigurki obecne, bez z\u0142ama\u0144, \u015bmig\u0142o obraca si\u0119 bardzo dobrze.<\/p>\n<p>Figurki pakowane w osobne woreczki.<\/p>\n<h3>Statystyka:<\/h3>\n<ul>\n<li>87 cz\u0119\u015bci<\/li>\n<li>2 minifigurki<\/li>\n<li>waga: 219g<\/li>\n<\/ul>\n","protected":false},"excerpt":{"rendered":"<p>Zestaw LEGO 6341 Gas N&#8217; Go Flyer z roku 1994. Stan u\u017cywany, dobry.<\/p>\n","protected":false},"featured_media":335,"comment_status":"open","ping_status":"closed","template":"","meta":{"_acf_changed":false},"product_brand":[37],"product_cat":[168,167,166],"product_tag":[],"class_list":{"0":"post-334","1":"product","2":"type-product","3":"status-publish","4":"has-post-thumbnail","6":"product_brand-lego","7":"product_cat-airport","8":"product_cat-classic-town","9":"product_cat-town","11":"first","12":"instock","13":"taxable","14":"shipping-taxable","15":"purchasable","16":"product-type-simple"},"acf":[],"_links":{"self":[{"href":"https:\/\/bricktense.com\/en\/wp-json\/wp\/v2\/product\/334","targetHints":{"allow":["GET"]}}],"collection":[{"href":"https:\/\/bricktense.com\/en\/wp-json\/wp\/v2\/product"}],"about":[{"href":"https:\/\/bricktense.com\/en\/wp-json\/wp\/v2\/types\/product"}],"replies":[{"embeddable":true,"href":"https:\/\/bricktense.com\/en\/wp-json\/wp\/v2\/comments?post=334"}],"wp:featuredmedia":[{"embeddable":true,"href":"https:\/\/bricktense.com\/en\/wp-json\/wp\/v2\/media\/335"}],"wp:attachment":[{"href":"https:\/\/bricktense.com\/en\/wp-json\/wp\/v2\/media?parent=334"}],"wp:term":[{"taxonomy":"product_brand","embeddable":true,"href":"https:\/\/bricktense.com\/en\/wp-json\/wp\/v2\/product_brand?post=334"},{"taxonomy":"product_cat","embeddable":true,"href":"https:\/\/bricktense.com\/en\/wp-json\/wp\/v2\/product_cat?post=334"},{"taxonomy":"product_tag","embeddable":true,"href":"https:\/\/bricktense.com\/en\/wp-json\/wp\/v2\/product_tag?post=334"}],"curies":[{"name":"wp","href":"https:\/\/api.w.org\/{rel}","templated":true}]}}