{"id":346,"date":"2025-12-01T12:21:14","date_gmt":"2025-12-01T12:21:14","guid":{"rendered":"https:\/\/bricktense.com\/?post_type=product&#038;p=346"},"modified":"2025-12-01T12:21:14","modified_gmt":"2025-12-01T12:21:14","slug":"lego-6397-gas-n-wash-express","status":"publish","type":"product","link":"https:\/\/bricktense.com\/en\/produkt\/lego-6397-gas-n-wash-express\/","title":{"rendered":"LEGO 6397 Gas N&#8217; Wash Express"},"content":{"rendered":"<p>W zestawie wszystkie klocki wg specyfikacji Bricklink oraz instrukcja w stanie dobrym.<\/p>\n","protected":false},"excerpt":{"rendered":"<p>Zestaw ze stacj\u0105 benzynow\u0105 i myjni\u0105 z 1992 roku, kt\u00f3ry posiada 452 cz\u0119\u015bci, a w tym 3 minifigurki. Numer zestawu to 6397, a jego nast\u0119pc\u0105 jest zestaw 6472 z 2001 roku.<\/p>\n","protected":false},"featured_media":347,"comment_status":"open","ping_status":"closed","template":"","meta":{"_acf_changed":false},"product_brand":[37],"product_cat":[329],"product_tag":[],"class_list":{"0":"post-346","1":"product","2":"type-product","3":"status-publish","4":"has-post-thumbnail","6":"product_brand-lego","7":"product_cat-gas-station","9":"first","10":"instock","11":"taxable","12":"shipping-taxable","13":"purchasable","14":"product-type-simple"},"acf":[],"_links":{"self":[{"href":"https:\/\/bricktense.com\/en\/wp-json\/wp\/v2\/product\/346","targetHints":{"allow":["GET"]}}],"collection":[{"href":"https:\/\/bricktense.com\/en\/wp-json\/wp\/v2\/product"}],"about":[{"href":"https:\/\/bricktense.com\/en\/wp-json\/wp\/v2\/types\/product"}],"replies":[{"embeddable":true,"href":"https:\/\/bricktense.com\/en\/wp-json\/wp\/v2\/comments?post=346"}],"wp:featuredmedia":[{"embeddable":true,"href":"https:\/\/bricktense.com\/en\/wp-json\/wp\/v2\/media\/347"}],"wp:attachment":[{"href":"https:\/\/bricktense.com\/en\/wp-json\/wp\/v2\/media?parent=346"}],"wp:term":[{"taxonomy":"product_brand","embeddable":true,"href":"https:\/\/bricktense.com\/en\/wp-json\/wp\/v2\/product_brand?post=346"},{"taxonomy":"product_cat","embeddable":true,"href":"https:\/\/bricktense.com\/en\/wp-json\/wp\/v2\/product_cat?post=346"},{"taxonomy":"product_tag","embeddable":true,"href":"https:\/\/bricktense.com\/en\/wp-json\/wp\/v2\/product_tag?post=346"}],"curies":[{"name":"wp","href":"https:\/\/api.w.org\/{rel}","templated":true}]}}