{"id":81,"date":"2025-03-12T07:59:41","date_gmt":"2025-03-12T07:59:41","guid":{"rendered":"https:\/\/bricktense.com\/?post_type=product&#038;p=81"},"modified":"2025-11-18T19:30:28","modified_gmt":"2025-11-18T19:30:28","slug":"imperial-guard-admiral","status":"publish","type":"product","link":"https:\/\/bricktense.com\/en\/produkt\/imperial-guard-admiral\/","title":{"rendered":"Imperial Guard &#8211; Admiral"},"content":{"rendered":"<p>Wyj\u0105tkowy przedmiot kolekcjonerski: minifigurka admira\u0142a model pi001 z roku 1995 obecn\u0105 w zestawie 6263 (Imperial Outpost).<\/p>\n<p>Figurka jest w stanie doskona\u0142ym. Nie nosi \u015blad\u00f3w u\u017cytkowania, nadgryzie\u0144 czy p\u0119kni\u0119\u0107.<\/p>\n<p>To wyj\u0105tkowa oferta.<\/p>\n","protected":false},"excerpt":{"rendered":"<p>Wyj\u0105tkowy przedmiot kolekcjonerski: minifigurka admira\u0142a model pi001 z roku 1995 obecn\u0105 w zestawie 6263 (Imperial Outpost). Figurka jest w stanie doskona\u0142ym. Nie nosi \u015blad\u00f3w u\u017cytkowania, nadgryzie\u0144 czy p\u0119kni\u0119\u0107. To wyj\u0105tkowa oferta.<\/p>\n","protected":false},"featured_media":82,"comment_status":"open","ping_status":"closed","template":"","meta":{"_acf_changed":false},"product_brand":[37],"product_cat":[140],"product_tag":[],"class_list":{"0":"post-81","1":"product","2":"type-product","3":"status-publish","4":"has-post-thumbnail","6":"product_brand-lego","7":"product_cat-imperial-guards-pirates-i-2","9":"first","10":"instock","11":"taxable","12":"shipping-taxable","13":"purchasable","14":"product-type-simple"},"acf":[],"_links":{"self":[{"href":"https:\/\/bricktense.com\/en\/wp-json\/wp\/v2\/product\/81","targetHints":{"allow":["GET"]}}],"collection":[{"href":"https:\/\/bricktense.com\/en\/wp-json\/wp\/v2\/product"}],"about":[{"href":"https:\/\/bricktense.com\/en\/wp-json\/wp\/v2\/types\/product"}],"replies":[{"embeddable":true,"href":"https:\/\/bricktense.com\/en\/wp-json\/wp\/v2\/comments?post=81"}],"wp:featuredmedia":[{"embeddable":true,"href":"https:\/\/bricktense.com\/en\/wp-json\/wp\/v2\/media\/82"}],"wp:attachment":[{"href":"https:\/\/bricktense.com\/en\/wp-json\/wp\/v2\/media?parent=81"}],"wp:term":[{"taxonomy":"product_brand","embeddable":true,"href":"https:\/\/bricktense.com\/en\/wp-json\/wp\/v2\/product_brand?post=81"},{"taxonomy":"product_cat","embeddable":true,"href":"https:\/\/bricktense.com\/en\/wp-json\/wp\/v2\/product_cat?post=81"},{"taxonomy":"product_tag","embeddable":true,"href":"https:\/\/bricktense.com\/en\/wp-json\/wp\/v2\/product_tag?post=81"}],"curies":[{"name":"wp","href":"https:\/\/api.w.org\/{rel}","templated":true}]}}